{"id":3428,"date":"2025-06-09T10:59:24","date_gmt":"2025-06-09T07:59:24","guid":{"rendered":"https:\/\/skinmed.fi\/?page_id=3428"},"modified":"2025-06-09T10:59:49","modified_gmt":"2025-06-09T07:59:49","slug":"peruutusehdot","status":"publish","type":"page","link":"https:\/\/skinmed.fi\/en\/peruutusehdot\/","title":{"rendered":"Cancellation Policy"},"content":{"rendered":"<div data-elementor-type=\"wp-page\" data-elementor-id=\"3428\" class=\"elementor elementor-3428\" data-elementor-post-type=\"page\">\n\t\t\t\t<div class=\"elementor-element elementor-element-54ce7ff e-flex e-con-boxed e-con e-parent\" data-id=\"54ce7ff\" data-element_type=\"container\" data-e-type=\"container\">\n\t\t\t\t\t<div class=\"e-con-inner\">\n\t\t\t\t<div class=\"elementor-element elementor-element-72e7a54 elementor-widget elementor-widget-heading\" data-id=\"72e7a54\" data-element_type=\"widget\" data-e-type=\"widget\" data-widget_type=\"heading.default\">\n\t\t\t\t<div class=\"elementor-widget-container\">\n\t\t\t\t\t<h2 class=\"elementor-heading-title elementor-size-default\">Cancellation Policy<\/h2>\t\t\t\t<\/div>\n\t\t\t\t<\/div>\n\t\t\t\t<div class=\"elementor-element elementor-element-0e0493e elementor-widget elementor-widget-text-editor\" data-id=\"0e0493e\" data-element_type=\"widget\" data-e-type=\"widget\" data-widget_type=\"text-editor.default\">\n\t\t\t\t<div class=\"elementor-widget-container\">\n\t\t\t\t\t\t\t\t\t<div>Hoitoajan peruuttaminen onnistuu helposti varausvahvistuksen mukana tulleen linkin kautta 24 tuntia ennen varattua hoitoaikaasi. Peruutuksen voi tehd\u00e4 my\u00f6s soittamalla ajanvarausnumeroomme aukioloaikojemme puitteissa. Peruuttamattomista hoitoajoista, jotka perutaan alle 24 tuntia ennen varattua hoitoaikaa pid\u00e4t\u00e4mme oikeuden veloittaa 100% hoidon hinnasta. Veloituksettomasta\u00a0<wbr \/>konsultaatiok\u00e4ynnist\u00e4\u00a0<wbr \/>veloitamme 80\u20ac.<\/div><div>\u00a0<\/div><div>Peruutuksia ei voi tehd\u00e4 Instagramin, Facebookin tai tekstiviestien v\u00e4lityksell\u00e4.<\/div><div>\u00a0<\/div>\t\t\t\t\t\t\t\t<\/div>\n\t\t\t\t<\/div>\n\t\t\t\t\t<\/div>\n\t\t\t\t<\/div>\n\t\t\t\t<\/div>","protected":false},"excerpt":{"rendered":"<p>Peruutusehdot Hoitoajan peruuttaminen onnistuu helposti varausvahvistuksen mukana tulleen linkin kautta 24 tuntia ennen varattua hoitoaikaasi. Peruutuksen voi tehd\u00e4 my\u00f6s soittamalla ajanvarausnumeroomme aukioloaikojemme puitteissa. Peruuttamattomista hoitoajoista, jotka perutaan alle 24 tuntia ennen varattua hoitoaikaa pid\u00e4t\u00e4mme oikeuden veloittaa 100% hoidon hinnasta. Veloituksettomasta\u00a0konsultaatiok\u00e4ynnist\u00e4\u00a0veloitamme 80\u20ac.\u00a0Peruutuksia ei voi tehd\u00e4 Instagramin, Facebookin tai tekstiviestien v\u00e4lityksell\u00e4.\u00a0<\/p>","protected":false},"author":2,"featured_media":0,"parent":0,"menu_order":0,"comment_status":"closed","ping_status":"closed","template":"","meta":{"_acf_changed":false,"_improvement_type_select":"improve_an_existing","_thumb_yes_seoaic":false,"_frame_yes_seoaic":false,"seoaic_generate_description":"","seoaic_improve_instructions_prompt":"","seoaic_rollback_content_improvement":"","seoaic_idea_thumbnail_generator":"","thumbnail_generated":false,"thumbnail_generate_prompt":"","seoaic_article_description":"","footnotes":""},"class_list":["post-3428","page","type-page","status-publish","hentry"],"acf":[],"yoast_head":"<!-- This site is optimized with the Yoast SEO plugin v27.4 - https:\/\/yoast.com\/product\/yoast-seo-wordpress\/ -->\n<title>Peruutusehdot - Skinmed<\/title>\n<meta name=\"robots\" content=\"index, follow, max-snippet:-1, max-image-preview:large, max-video-preview:-1\" \/>\n<link rel=\"canonical\" href=\"https:\/\/skinmed.fi\/en\/peruutusehdot\/\" \/>\n<meta property=\"og:locale\" content=\"en_GB\" \/>\n<meta property=\"og:type\" content=\"article\" \/>\n<meta property=\"og:title\" content=\"Peruutusehdot - Skinmed\" \/>\n<meta property=\"og:description\" content=\"Peruutusehdot Hoitoajan peruuttaminen onnistuu helposti varausvahvistuksen mukana tulleen linkin kautta 24 tuntia ennen varattua hoitoaikaasi. Peruutuksen voi tehd\u00e4 my\u00f6s soittamalla ajanvarausnumeroomme aukioloaikojemme puitteissa. Peruuttamattomista hoitoajoista, jotka perutaan alle 24 tuntia ennen varattua hoitoaikaa pid\u00e4t\u00e4mme oikeuden veloittaa 100% hoidon hinnasta. Veloituksettomasta\u00a0konsultaatiok\u00e4ynnist\u00e4\u00a0veloitamme 80\u20ac.\u00a0Peruutuksia ei voi tehd\u00e4 Instagramin, Facebookin tai tekstiviestien v\u00e4lityksell\u00e4.\u00a0\" \/>\n<meta property=\"og:url\" content=\"https:\/\/skinmed.fi\/en\/peruutusehdot\/\" \/>\n<meta property=\"og:site_name\" content=\"Skinmed\" \/>\n<meta property=\"article:modified_time\" content=\"2025-06-09T07:59:49+00:00\" \/>\n<meta property=\"og:image\" content=\"https:\/\/skinmed.fi\/wp-content\/uploads\/2024\/10\/DSC_9916-jpg.webp\" \/>\n\t<meta property=\"og:image:width\" content=\"1280\" \/>\n\t<meta property=\"og:image:height\" content=\"1920\" \/>\n\t<meta property=\"og:image:type\" content=\"image\/jpeg\" \/>\n<meta name=\"twitter:card\" content=\"summary_large_image\" \/>\n<meta name=\"twitter:label1\" content=\"Estimated reading time\" \/>\n\t<meta name=\"twitter:data1\" content=\"1 minute\" \/>\n<script type=\"application\/ld+json\" class=\"yoast-schema-graph\">{\"@context\":\"https:\\\/\\\/schema.org\",\"@graph\":[{\"@type\":\"WebPage\",\"@id\":\"https:\\\/\\\/skinmed.fi\\\/peruutusehdot\\\/\",\"url\":\"https:\\\/\\\/skinmed.fi\\\/peruutusehdot\\\/\",\"name\":\"Peruutusehdot - Skinmed\",\"isPartOf\":{\"@id\":\"https:\\\/\\\/skinmed.fi\\\/#website\"},\"datePublished\":\"2025-06-09T07:59:24+00:00\",\"dateModified\":\"2025-06-09T07:59:49+00:00\",\"inLanguage\":\"en-GB\",\"potentialAction\":[{\"@type\":\"ReadAction\",\"target\":[\"https:\\\/\\\/skinmed.fi\\\/peruutusehdot\\\/\"]}]},{\"@type\":\"WebSite\",\"@id\":\"https:\\\/\\\/skinmed.fi\\\/#website\",\"url\":\"https:\\\/\\\/skinmed.fi\\\/\",\"name\":\"Skinmed\",\"description\":\"Kauneushoitola Helsinki | Skinmed Wellness I Skinpen\",\"publisher\":{\"@id\":\"https:\\\/\\\/skinmed.fi\\\/#organization\"},\"potentialAction\":[{\"@type\":\"SearchAction\",\"target\":{\"@type\":\"EntryPoint\",\"urlTemplate\":\"https:\\\/\\\/skinmed.fi\\\/?s={search_term_string}\"},\"query-input\":{\"@type\":\"PropertyValueSpecification\",\"valueRequired\":true,\"valueName\":\"search_term_string\"}}],\"inLanguage\":\"en-GB\"},{\"@type\":\"Organization\",\"@id\":\"https:\\\/\\\/skinmed.fi\\\/#organization\",\"name\":\"Skinmed\",\"url\":\"https:\\\/\\\/skinmed.fi\\\/\",\"logo\":{\"@type\":\"ImageObject\",\"inLanguage\":\"en-GB\",\"@id\":\"https:\\\/\\\/skinmed.fi\\\/#\\\/schema\\\/logo\\\/image\\\/\",\"url\":\"https:\\\/\\\/skinmed.fi\\\/wp-content\\\/uploads\\\/2024\\\/09\\\/skinmed-logo-beige.svg\",\"contentUrl\":\"https:\\\/\\\/skinmed.fi\\\/wp-content\\\/uploads\\\/2024\\\/09\\\/skinmed-logo-beige.svg\",\"width\":660,\"height\":90,\"caption\":\"Skinmed\"},\"image\":{\"@id\":\"https:\\\/\\\/skinmed.fi\\\/#\\\/schema\\\/logo\\\/image\\\/\"}}]}<\/script>\n<!-- \/ Yoast SEO plugin. -->","yoast_head_json":{"title":"Peruutusehdot - Skinmed","robots":{"index":"index","follow":"follow","max-snippet":"max-snippet:-1","max-image-preview":"max-image-preview:large","max-video-preview":"max-video-preview:-1"},"canonical":"https:\/\/skinmed.fi\/en\/peruutusehdot\/","og_locale":"en_GB","og_type":"article","og_title":"Peruutusehdot - Skinmed","og_description":"Peruutusehdot Hoitoajan peruuttaminen onnistuu helposti varausvahvistuksen mukana tulleen linkin kautta 24 tuntia ennen varattua hoitoaikaasi. Peruutuksen voi tehd\u00e4 my\u00f6s soittamalla ajanvarausnumeroomme aukioloaikojemme puitteissa. Peruuttamattomista hoitoajoista, jotka perutaan alle 24 tuntia ennen varattua hoitoaikaa pid\u00e4t\u00e4mme oikeuden veloittaa 100% hoidon hinnasta. Veloituksettomasta\u00a0konsultaatiok\u00e4ynnist\u00e4\u00a0veloitamme 80\u20ac.\u00a0Peruutuksia ei voi tehd\u00e4 Instagramin, Facebookin tai tekstiviestien v\u00e4lityksell\u00e4.\u00a0","og_url":"https:\/\/skinmed.fi\/en\/peruutusehdot\/","og_site_name":"Skinmed","article_modified_time":"2025-06-09T07:59:49+00:00","og_image":[{"width":1280,"height":1920,"url":"https:\/\/skinmed.fi\/wp-content\/uploads\/2024\/10\/DSC_9916-jpg.webp","type":"image\/jpeg"}],"twitter_card":"summary_large_image","twitter_misc":{"Estimated reading time":"1 minute"},"schema":{"@context":"https:\/\/schema.org","@graph":[{"@type":"WebPage","@id":"https:\/\/skinmed.fi\/peruutusehdot\/","url":"https:\/\/skinmed.fi\/peruutusehdot\/","name":"Peruutusehdot - Skinmed","isPartOf":{"@id":"https:\/\/skinmed.fi\/#website"},"datePublished":"2025-06-09T07:59:24+00:00","dateModified":"2025-06-09T07:59:49+00:00","inLanguage":"en-GB","potentialAction":[{"@type":"ReadAction","target":["https:\/\/skinmed.fi\/peruutusehdot\/"]}]},{"@type":"WebSite","@id":"https:\/\/skinmed.fi\/#website","url":"https:\/\/skinmed.fi\/","name":"Skinmed","description":"Kauneushoitola Helsinki | Skinmed Wellness I Skinpen","publisher":{"@id":"https:\/\/skinmed.fi\/#organization"},"potentialAction":[{"@type":"SearchAction","target":{"@type":"EntryPoint","urlTemplate":"https:\/\/skinmed.fi\/?s={search_term_string}"},"query-input":{"@type":"PropertyValueSpecification","valueRequired":true,"valueName":"search_term_string"}}],"inLanguage":"en-GB"},{"@type":"Organization","@id":"https:\/\/skinmed.fi\/#organization","name":"Skinmed","url":"https:\/\/skinmed.fi\/","logo":{"@type":"ImageObject","inLanguage":"en-GB","@id":"https:\/\/skinmed.fi\/#\/schema\/logo\/image\/","url":"https:\/\/skinmed.fi\/wp-content\/uploads\/2024\/09\/skinmed-logo-beige.svg","contentUrl":"https:\/\/skinmed.fi\/wp-content\/uploads\/2024\/09\/skinmed-logo-beige.svg","width":660,"height":90,"caption":"Skinmed"},"image":{"@id":"https:\/\/skinmed.fi\/#\/schema\/logo\/image\/"}}]}},"_links":{"self":[{"href":"https:\/\/skinmed.fi\/en\/wp-json\/wp\/v2\/pages\/3428","targetHints":{"allow":["GET"]}}],"collection":[{"href":"https:\/\/skinmed.fi\/en\/wp-json\/wp\/v2\/pages"}],"about":[{"href":"https:\/\/skinmed.fi\/en\/wp-json\/wp\/v2\/types\/page"}],"author":[{"embeddable":true,"href":"https:\/\/skinmed.fi\/en\/wp-json\/wp\/v2\/users\/2"}],"replies":[{"embeddable":true,"href":"https:\/\/skinmed.fi\/en\/wp-json\/wp\/v2\/comments?post=3428"}],"version-history":[{"count":7,"href":"https:\/\/skinmed.fi\/en\/wp-json\/wp\/v2\/pages\/3428\/revisions"}],"predecessor-version":[{"id":3439,"href":"https:\/\/skinmed.fi\/en\/wp-json\/wp\/v2\/pages\/3428\/revisions\/3439"}],"wp:attachment":[{"href":"https:\/\/skinmed.fi\/en\/wp-json\/wp\/v2\/media?parent=3428"}],"curies":[{"name":"wp","href":"https:\/\/api.w.org\/{rel}","templated":true}]}}