{"id":2471,"date":"2025-01-09T21:42:03","date_gmt":"2025-01-09T19:42:03","guid":{"rendered":"https:\/\/skinmed.fi\/?page_id=2471"},"modified":"2025-01-11T14:09:38","modified_gmt":"2025-01-11T12:09:38","slug":"palaute","status":"publish","type":"page","link":"https:\/\/skinmed.fi\/en\/palaute\/","title":{"rendered":"Palaute"},"content":{"rendered":"\t\t<div data-elementor-type=\"wp-page\" data-elementor-id=\"2471\" class=\"elementor elementor-2471\" data-elementor-post-type=\"page\">\n\t\t\t\t<div class=\"elementor-element elementor-element-1e6a217 e-flex e-con-boxed e-con e-parent\" data-id=\"1e6a217\" data-element_type=\"container\" data-e-type=\"container\" data-settings=\"{&quot;background_background&quot;:&quot;classic&quot;}\">\n\t\t\t\t\t<div class=\"e-con-inner\">\n\t\t\t\t<div class=\"elementor-element elementor-element-01d1bfd elementor-widget elementor-widget-heading\" data-id=\"01d1bfd\" data-element_type=\"widget\" data-e-type=\"widget\" data-widget_type=\"heading.default\">\n\t\t\t\t<div class=\"elementor-widget-container\">\n\t\t\t\t\t<h2 class=\"elementor-heading-title elementor-size-default\">Arvostamme mielipidett\u00e4si!<\/h2>\t\t\t\t<\/div>\n\t\t\t\t<\/div>\n\t\t\t\t<div class=\"elementor-element elementor-element-7f1c130 elementor-widget elementor-widget-text-editor\" data-id=\"7f1c130\" data-element_type=\"widget\" data-e-type=\"widget\" data-widget_type=\"text-editor.default\">\n\t\t\t\t<div class=\"elementor-widget-container\">\n\t\t\t\t\t\t\t\t\t<p>Palautteesi merkitsee meille todella paljon.<br \/>Kiitos siit\u00e4. Toivomme, ett\u00e4 tapaamme pian uudelleen!<\/p>\t\t\t\t\t\t\t\t<\/div>\n\t\t\t\t<\/div>\n\t\t\t\t<div class=\"elementor-element elementor-element-829c690 elementor-button-align-end elementor-widget elementor-widget-form\" data-id=\"829c690\" data-element_type=\"widget\" data-e-type=\"widget\" data-settings=\"{&quot;step_next_label&quot;:&quot;Next&quot;,&quot;step_previous_label&quot;:&quot;Previous&quot;,&quot;button_width&quot;:&quot;100&quot;,&quot;step_type&quot;:&quot;number_text&quot;,&quot;step_icon_shape&quot;:&quot;circle&quot;}\" data-widget_type=\"form.default\">\n\t\t\t\t<div class=\"elementor-widget-container\">\n\t\t\t\t\t\t\t<form class=\"elementor-form\" method=\"post\" name=\"New Form\" aria-label=\"New Form\">\n\t\t\t<input type=\"hidden\" name=\"post_id\" value=\"2471\"\/>\n\t\t\t<input type=\"hidden\" name=\"form_id\" value=\"829c690\"\/>\n\t\t\t<input type=\"hidden\" name=\"referer_title\" value=\"Palaute - Skinmed\" \/>\n\n\t\t\t\t\t\t\t<input type=\"hidden\" name=\"queried_id\" value=\"2471\"\/>\n\t\t\t\n\t\t\t<div class=\"elementor-form-fields-wrapper elementor-labels-above\">\n\t\t\t\t\t\t\t\t<div class=\"elementor-field-type-text elementor-field-group elementor-column elementor-field-group-name elementor-col-100\">\n\t\t\t\t\t\t\t\t\t\t\t\t<label for=\"form-field-name\" class=\"elementor-field-label\">\n\t\t\t\t\t\t\t\tNimi (valinnainen)\t\t\t\t\t\t\t<\/label>\n\t\t\t\t\t\t\t\t\t\t\t\t\t\t<input size=\"1\" type=\"text\" name=\"form_fields[name]\" id=\"form-field-name\" class=\"elementor-field elementor-size-md  elementor-field-textual\" placeholder=\"Nimi\">\n\t\t\t\t\t\t\t\t\t\t\t<\/div>\n\t\t\t\t\t\t\t\t<div class=\"elementor-field-type-textarea elementor-field-group elementor-column elementor-field-group-message elementor-col-100 elementor-field-required elementor-mark-required\">\n\t\t\t\t\t\t\t\t\t\t\t\t<label for=\"form-field-message\" class=\"elementor-field-label\">\n\t\t\t\t\t\t\t\tPalaute\t\t\t\t\t\t\t<\/label>\n\t\t\t\t\t\t<textarea class=\"elementor-field-textual elementor-field  elementor-size-md\" name=\"form_fields[message]\" id=\"form-field-message\" rows=\"4\" placeholder=\"Kirjoita palautteesi t\u00e4h\u00e4n...\" required=\"required\"><\/textarea>\t\t\t\t<\/div>\n\t\t\t\t\t\t\t\t<div class=\"elementor-field-type-text\">\n\t\t\t\t\t<input size=\"1\" type=\"text\" name=\"form_fields[field_0dd7423]\" id=\"form-field-field_0dd7423\" class=\"elementor-field elementor-size-md \" style=\"display:none !important;\">\t\t\t\t<\/div>\n\t\t\t\t\t\t\t\t<div class=\"elementor-field-group elementor-column elementor-field-type-submit elementor-col-100 e-form__buttons\">\n\t\t\t\t\t<button class=\"elementor-button elementor-size-sm\" type=\"submit\">\n\t\t\t\t\t\t<span class=\"elementor-button-content-wrapper\">\n\t\t\t\t\t\t\t\t\t\t\t\t\t\t\t\t\t\t\t\t\t\t<span class=\"elementor-button-text\">L\u00e4het\u00e4<\/span>\n\t\t\t\t\t\t\t\t\t\t\t\t\t<\/span>\n\t\t\t\t\t<\/button>\n\t\t\t\t<\/div>\n\t\t\t<\/div>\n\t\t<\/form>\n\t\t\t\t\t\t<\/div>\n\t\t\t\t<\/div>\n\t\t\t\t<div class=\"elementor-element elementor-element-1236ec6 elementor-align-center elementor-widget elementor-widget-button\" data-id=\"1236ec6\" data-element_type=\"widget\" data-e-type=\"widget\" data-widget_type=\"button.default\">\n\t\t\t\t<div class=\"elementor-widget-container\">\n\t\t\t\t\t\t\t\t\t<div class=\"elementor-button-wrapper\">\n\t\t\t\t\t<a class=\"elementor-button elementor-button-link elementor-size-sm\" href=\"https:\/\/skinmed.fi\/en\">\n\t\t\t\t\t\t<span class=\"elementor-button-content-wrapper\">\n\t\t\t\t\t\t<span class=\"elementor-button-icon\">\n\t\t\t\t<i aria-hidden=\"true\" class=\"icon icon-arrow-left\"><\/i>\t\t\t<\/span>\n\t\t\t\t\t\t\t\t\t<span class=\"elementor-button-text\">Palaa etusivulle<\/span>\n\t\t\t\t\t<\/span>\n\t\t\t\t\t<\/a>\n\t\t\t\t<\/div>\n\t\t\t\t\t\t\t\t<\/div>\n\t\t\t\t<\/div>\n\t\t\t\t\t<\/div>\n\t\t\t\t<\/div>\n\t\t\t\t<\/div>\n\t\t","protected":false},"excerpt":{"rendered":"<p>Arvostamme mielipidett\u00e4si! Palautteesi merkitsee meille todella paljon.Kiitos siit\u00e4. Toivomme, ett\u00e4 tapaamme pian uudelleen! Palaa etusivulle<\/p>","protected":false},"author":2,"featured_media":2626,"parent":0,"menu_order":0,"comment_status":"closed","ping_status":"closed","template":"elementor_canvas","meta":{"_acf_changed":false,"_improvement_type_select":"improve_an_existing","_thumb_yes_seoaic":false,"_frame_yes_seoaic":false,"seoaic_generate_description":"","seoaic_improve_instructions_prompt":"","seoaic_rollback_content_improvement":"","seoaic_idea_thumbnail_generator":"","thumbnail_generated":false,"thumbnail_generate_prompt":"","seoaic_article_description":"","footnotes":""},"class_list":["post-2471","page","type-page","status-publish","has-post-thumbnail","hentry"],"acf":[],"yoast_head":"<!-- This site is optimized with the Yoast SEO plugin v27.4 - https:\/\/yoast.com\/product\/yoast-seo-wordpress\/ -->\n<title>Palaute - Skinmed<\/title>\n<meta name=\"robots\" content=\"index, follow, max-snippet:-1, max-image-preview:large, max-video-preview:-1\" \/>\n<link rel=\"canonical\" href=\"https:\/\/skinmed.fi\/en\/palaute\/\" \/>\n<meta property=\"og:locale\" content=\"en_GB\" \/>\n<meta property=\"og:type\" content=\"article\" \/>\n<meta property=\"og:title\" content=\"Palaute - Skinmed\" \/>\n<meta property=\"og:description\" content=\"Arvostamme mielipidett\u00e4si! Palautteesi merkitsee meille todella paljon.Kiitos siit\u00e4. Toivomme, ett\u00e4 tapaamme pian uudelleen! Palaa etusivulle\" \/>\n<meta property=\"og:url\" content=\"https:\/\/skinmed.fi\/en\/palaute\/\" \/>\n<meta property=\"og:site_name\" content=\"Skinmed\" \/>\n<meta property=\"article:modified_time\" content=\"2025-01-11T12:09:38+00:00\" \/>\n<meta property=\"og:image\" content=\"https:\/\/skinmed.fi\/wp-content\/uploads\/2025\/01\/WhatsApp-Kuva-2025-01-11-klo-13.40.33_8349a8ab.webp\" \/>\n\t<meta property=\"og:image:width\" content=\"1290\" \/>\n\t<meta property=\"og:image:height\" content=\"1679\" \/>\n\t<meta property=\"og:image:type\" content=\"image\/jpeg\" \/>\n<meta name=\"twitter:card\" content=\"summary_large_image\" \/>\n<meta name=\"twitter:label1\" content=\"Estimated reading time\" \/>\n\t<meta name=\"twitter:data1\" content=\"1 minute\" \/>\n<script type=\"application\/ld+json\" class=\"yoast-schema-graph\">{\"@context\":\"https:\\\/\\\/schema.org\",\"@graph\":[{\"@type\":\"WebPage\",\"@id\":\"https:\\\/\\\/skinmed.fi\\\/palaute\\\/\",\"url\":\"https:\\\/\\\/skinmed.fi\\\/palaute\\\/\",\"name\":\"Palaute - Skinmed\",\"isPartOf\":{\"@id\":\"https:\\\/\\\/skinmed.fi\\\/#website\"},\"primaryImageOfPage\":{\"@id\":\"https:\\\/\\\/skinmed.fi\\\/palaute\\\/#primaryimage\"},\"image\":{\"@id\":\"https:\\\/\\\/skinmed.fi\\\/palaute\\\/#primaryimage\"},\"thumbnailUrl\":\"https:\\\/\\\/skinmed.fi\\\/wp-content\\\/uploads\\\/2025\\\/01\\\/WhatsApp-Kuva-2025-01-11-klo-13.40.33_8349a8ab.webp\",\"datePublished\":\"2025-01-09T19:42:03+00:00\",\"dateModified\":\"2025-01-11T12:09:38+00:00\",\"inLanguage\":\"en-GB\",\"potentialAction\":[{\"@type\":\"ReadAction\",\"target\":[\"https:\\\/\\\/skinmed.fi\\\/palaute\\\/\"]}]},{\"@type\":\"ImageObject\",\"inLanguage\":\"en-GB\",\"@id\":\"https:\\\/\\\/skinmed.fi\\\/palaute\\\/#primaryimage\",\"url\":\"https:\\\/\\\/skinmed.fi\\\/wp-content\\\/uploads\\\/2025\\\/01\\\/WhatsApp-Kuva-2025-01-11-klo-13.40.33_8349a8ab.webp\",\"contentUrl\":\"https:\\\/\\\/skinmed.fi\\\/wp-content\\\/uploads\\\/2025\\\/01\\\/WhatsApp-Kuva-2025-01-11-klo-13.40.33_8349a8ab.webp\",\"width\":1290,\"height\":1679},{\"@type\":\"WebSite\",\"@id\":\"https:\\\/\\\/skinmed.fi\\\/#website\",\"url\":\"https:\\\/\\\/skinmed.fi\\\/\",\"name\":\"Skinmed\",\"description\":\"Kauneushoitola Helsinki | Skinmed Wellness I Skinpen\",\"publisher\":{\"@id\":\"https:\\\/\\\/skinmed.fi\\\/#organization\"},\"potentialAction\":[{\"@type\":\"SearchAction\",\"target\":{\"@type\":\"EntryPoint\",\"urlTemplate\":\"https:\\\/\\\/skinmed.fi\\\/?s={search_term_string}\"},\"query-input\":{\"@type\":\"PropertyValueSpecification\",\"valueRequired\":true,\"valueName\":\"search_term_string\"}}],\"inLanguage\":\"en-GB\"},{\"@type\":\"Organization\",\"@id\":\"https:\\\/\\\/skinmed.fi\\\/#organization\",\"name\":\"Skinmed\",\"url\":\"https:\\\/\\\/skinmed.fi\\\/\",\"logo\":{\"@type\":\"ImageObject\",\"inLanguage\":\"en-GB\",\"@id\":\"https:\\\/\\\/skinmed.fi\\\/#\\\/schema\\\/logo\\\/image\\\/\",\"url\":\"https:\\\/\\\/skinmed.fi\\\/wp-content\\\/uploads\\\/2024\\\/09\\\/skinmed-logo-beige.svg\",\"contentUrl\":\"https:\\\/\\\/skinmed.fi\\\/wp-content\\\/uploads\\\/2024\\\/09\\\/skinmed-logo-beige.svg\",\"width\":660,\"height\":90,\"caption\":\"Skinmed\"},\"image\":{\"@id\":\"https:\\\/\\\/skinmed.fi\\\/#\\\/schema\\\/logo\\\/image\\\/\"}}]}<\/script>\n<!-- \/ Yoast SEO plugin. -->","yoast_head_json":{"title":"Palaute - Skinmed","robots":{"index":"index","follow":"follow","max-snippet":"max-snippet:-1","max-image-preview":"max-image-preview:large","max-video-preview":"max-video-preview:-1"},"canonical":"https:\/\/skinmed.fi\/en\/palaute\/","og_locale":"en_GB","og_type":"article","og_title":"Palaute - Skinmed","og_description":"Arvostamme mielipidett\u00e4si! Palautteesi merkitsee meille todella paljon.Kiitos siit\u00e4. Toivomme, ett\u00e4 tapaamme pian uudelleen! Palaa etusivulle","og_url":"https:\/\/skinmed.fi\/en\/palaute\/","og_site_name":"Skinmed","article_modified_time":"2025-01-11T12:09:38+00:00","og_image":[{"width":1290,"height":1679,"url":"https:\/\/skinmed.fi\/wp-content\/uploads\/2025\/01\/WhatsApp-Kuva-2025-01-11-klo-13.40.33_8349a8ab.webp","type":"image\/jpeg"}],"twitter_card":"summary_large_image","twitter_misc":{"Estimated reading time":"1 minute"},"schema":{"@context":"https:\/\/schema.org","@graph":[{"@type":"WebPage","@id":"https:\/\/skinmed.fi\/palaute\/","url":"https:\/\/skinmed.fi\/palaute\/","name":"Palaute - Skinmed","isPartOf":{"@id":"https:\/\/skinmed.fi\/#website"},"primaryImageOfPage":{"@id":"https:\/\/skinmed.fi\/palaute\/#primaryimage"},"image":{"@id":"https:\/\/skinmed.fi\/palaute\/#primaryimage"},"thumbnailUrl":"https:\/\/skinmed.fi\/wp-content\/uploads\/2025\/01\/WhatsApp-Kuva-2025-01-11-klo-13.40.33_8349a8ab.webp","datePublished":"2025-01-09T19:42:03+00:00","dateModified":"2025-01-11T12:09:38+00:00","inLanguage":"en-GB","potentialAction":[{"@type":"ReadAction","target":["https:\/\/skinmed.fi\/palaute\/"]}]},{"@type":"ImageObject","inLanguage":"en-GB","@id":"https:\/\/skinmed.fi\/palaute\/#primaryimage","url":"https:\/\/skinmed.fi\/wp-content\/uploads\/2025\/01\/WhatsApp-Kuva-2025-01-11-klo-13.40.33_8349a8ab.webp","contentUrl":"https:\/\/skinmed.fi\/wp-content\/uploads\/2025\/01\/WhatsApp-Kuva-2025-01-11-klo-13.40.33_8349a8ab.webp","width":1290,"height":1679},{"@type":"WebSite","@id":"https:\/\/skinmed.fi\/#website","url":"https:\/\/skinmed.fi\/","name":"Skinmed","description":"Kauneushoitola Helsinki | Skinmed Wellness I Skinpen","publisher":{"@id":"https:\/\/skinmed.fi\/#organization"},"potentialAction":[{"@type":"SearchAction","target":{"@type":"EntryPoint","urlTemplate":"https:\/\/skinmed.fi\/?s={search_term_string}"},"query-input":{"@type":"PropertyValueSpecification","valueRequired":true,"valueName":"search_term_string"}}],"inLanguage":"en-GB"},{"@type":"Organization","@id":"https:\/\/skinmed.fi\/#organization","name":"Skinmed","url":"https:\/\/skinmed.fi\/","logo":{"@type":"ImageObject","inLanguage":"en-GB","@id":"https:\/\/skinmed.fi\/#\/schema\/logo\/image\/","url":"https:\/\/skinmed.fi\/wp-content\/uploads\/2024\/09\/skinmed-logo-beige.svg","contentUrl":"https:\/\/skinmed.fi\/wp-content\/uploads\/2024\/09\/skinmed-logo-beige.svg","width":660,"height":90,"caption":"Skinmed"},"image":{"@id":"https:\/\/skinmed.fi\/#\/schema\/logo\/image\/"}}]}},"_links":{"self":[{"href":"https:\/\/skinmed.fi\/en\/wp-json\/wp\/v2\/pages\/2471","targetHints":{"allow":["GET"]}}],"collection":[{"href":"https:\/\/skinmed.fi\/en\/wp-json\/wp\/v2\/pages"}],"about":[{"href":"https:\/\/skinmed.fi\/en\/wp-json\/wp\/v2\/types\/page"}],"author":[{"embeddable":true,"href":"https:\/\/skinmed.fi\/en\/wp-json\/wp\/v2\/users\/2"}],"replies":[{"embeddable":true,"href":"https:\/\/skinmed.fi\/en\/wp-json\/wp\/v2\/comments?post=2471"}],"version-history":[{"count":20,"href":"https:\/\/skinmed.fi\/en\/wp-json\/wp\/v2\/pages\/2471\/revisions"}],"predecessor-version":[{"id":2634,"href":"https:\/\/skinmed.fi\/en\/wp-json\/wp\/v2\/pages\/2471\/revisions\/2634"}],"wp:featuredmedia":[{"embeddable":true,"href":"https:\/\/skinmed.fi\/en\/wp-json\/wp\/v2\/media\/2626"}],"wp:attachment":[{"href":"https:\/\/skinmed.fi\/en\/wp-json\/wp\/v2\/media?parent=2471"}],"curies":[{"name":"wp","href":"https:\/\/api.w.org\/{rel}","templated":true}]}}