{"id":1028,"date":"2024-10-03T09:34:40","date_gmt":"2024-10-03T06:34:40","guid":{"rendered":"https:\/\/skinmed.fi\/?page_id=1028"},"modified":"2024-10-29T18:43:20","modified_gmt":"2024-10-29T16:43:20","slug":"yhteystiedot","status":"publish","type":"page","link":"https:\/\/skinmed.fi\/en\/yhteystiedot\/","title":{"rendered":"Contact"},"content":{"rendered":"<div data-elementor-type=\"wp-page\" data-elementor-id=\"1028\" class=\"elementor elementor-1028\" data-elementor-post-type=\"page\">\n\t\t\t\t<div class=\"elementor-element elementor-element-296e01d e-flex e-con-boxed e-con e-parent\" data-id=\"296e01d\" data-element_type=\"container\" data-e-type=\"container\">\n\t\t\t\t\t<div class=\"e-con-inner\">\n\t\t<div class=\"elementor-element elementor-element-52f8824 e-con-full e-flex e-con e-child\" data-id=\"52f8824\" data-element_type=\"container\" data-e-type=\"container\">\n\t\t\t\t<div class=\"elementor-element elementor-element-6878401 elementor-widget elementor-widget-heading\" data-id=\"6878401\" data-element_type=\"widget\" data-e-type=\"widget\" data-widget_type=\"heading.default\">\n\t\t\t\t<div class=\"elementor-widget-container\">\n\t\t\t\t\t<h2 class=\"elementor-heading-title elementor-size-default\">Contact us<\/h2>\t\t\t\t<\/div>\n\t\t\t\t<\/div>\n\t\t\t\t<div class=\"elementor-element elementor-element-dff6fdd elementor-widget elementor-widget-text-editor\" data-id=\"dff6fdd\" data-element_type=\"widget\" data-e-type=\"widget\" data-widget_type=\"text-editor.default\">\n\t\t\t\t<div class=\"elementor-widget-container\">\n\t\t\t\t\t\t\t\t\t<p>Urho Kekkosen katu 8C26, 00100 Helsinki, Finland<\/p><p><span style=\"text-decoration: underline;\"><a href=\"tel:0456677407\">045 667 7407<\/a><\/span><\/p>\t\t\t\t\t\t\t\t<\/div>\n\t\t\t\t<\/div>\n\t\t\t\t<div class=\"elementor-element elementor-element-2725822 elementor-widget elementor-widget-text-editor\" data-id=\"2725822\" data-element_type=\"widget\" data-e-type=\"widget\" data-widget_type=\"text-editor.default\">\n\t\t\t\t<div class=\"elementor-widget-container\">\n\t\t\t\t\t\t\t\t\t<p class=\"font_9 wixui-rich-text__text\"><span class=\"wixui-rich-text__text\"><span class=\"color_15 wixui-rich-text__text\"><span style=\"text-decoration: underline;\"><a class=\"wixui-rich-text__text\" href=\"mailto:info@skinmed.fi\" data-auto-recognition=\"true\">info@skinmed.fi<\/a><\/span><br \/><\/span><\/span><span class=\"wixui-rich-text__text\"><span class=\"color_15 wixui-rich-text__text\">firstname@skinmed.fi<\/span><\/span><\/p>\t\t\t\t\t\t\t\t<\/div>\n\t\t\t\t<\/div>\n\t\t\t\t<div class=\"elementor-element elementor-element-ceb3461 elementor-widget elementor-widget-text-editor\" data-id=\"ceb3461\" data-element_type=\"widget\" data-e-type=\"widget\" data-widget_type=\"text-editor.default\">\n\t\t\t\t<div class=\"elementor-widget-container\">\n\t\t\t\t\t\t\t\t\t<p>You can also find us at Muotosairaala<br \/>Mannerheimintie 164 a, 00300 Helsinki<\/p><p><span style=\"text-decoration: underline;\"><a href=\"tel:0291231010\">029 123 1010<\/a><br \/><a href=\"mailto:info@muotosairaala.fi\">info@muotosairaala.fi<\/a> <br \/><\/span><\/p><p><span style=\"text-decoration: underline;\"><a href=\"https:\/\/av.dynamichealth.tieto.com\/hkiplasticsurgery\/Ajanvaraus2.aspx\" target=\"_blank\" rel=\"noopener\">Muotosairaala appointment booking<\/a><\/span><\/p>\t\t\t\t\t\t\t\t<\/div>\n\t\t\t\t<\/div>\n\t\t\t\t<\/div>\n\t\t<div class=\"elementor-element elementor-element-1027ff3 e-con-full e-flex e-con e-child\" data-id=\"1027ff3\" data-element_type=\"container\" data-e-type=\"container\">\n\t\t\t\t<div class=\"elementor-element elementor-element-ddb9718 elementor-widget elementor-widget-image\" data-id=\"ddb9718\" data-element_type=\"widget\" data-e-type=\"widget\" data-widget_type=\"image.default\">\n\t\t\t\t<div class=\"elementor-widget-container\">\n\t\t\t\t\t\t\t\t\t\t\t\t\t\t\t<img fetchpriority=\"high\" decoding=\"async\" width=\"1280\" height=\"1920\" src=\"https:\/\/skinmed.fi\/wp-content\/uploads\/2024\/09\/DSC_9109-jpg.webp\" class=\"attachment-full size-full wp-image-445\" alt=\"\" srcset=\"https:\/\/skinmed.fi\/wp-content\/uploads\/2024\/09\/DSC_9109-jpg.webp 1280w, https:\/\/skinmed.fi\/wp-content\/uploads\/2024\/09\/DSC_9109-200x300.webp 200w, https:\/\/skinmed.fi\/wp-content\/uploads\/2024\/09\/DSC_9109-683x1024.webp 683w, https:\/\/skinmed.fi\/wp-content\/uploads\/2024\/09\/DSC_9109-768x1152.webp 768w, https:\/\/skinmed.fi\/wp-content\/uploads\/2024\/09\/DSC_9109-1024x1536.webp 1024w\" sizes=\"(max-width: 1280px) 100vw, 1280px\" \/>\t\t\t\t\t\t\t\t\t\t\t\t\t\t\t<\/div>\n\t\t\t\t<\/div>\n\t\t\t\t<\/div>\n\t\t\t\t\t<\/div>\n\t\t\t\t<\/div>\n\t\t\t\t<\/div>","protected":false},"excerpt":{"rendered":"<p>Contact us Urho Kekkosen katu 8C26, 00100 Helsinki, Finland 045 667 7407 info@skinmed.fietunimi@skinmed.fi Meid\u00e4t l\u00f6yd\u00e4t my\u00f6s MuotosairaalastaMannerheimintie 164 a, 00300 Helsinki 029 123 1010info@muotosairaala.fi Muotosairaalan ajanvaraus<\/p>","protected":false},"author":2,"featured_media":0,"parent":0,"menu_order":0,"comment_status":"closed","ping_status":"closed","template":"","meta":{"_acf_changed":false,"_improvement_type_select":"improve_an_existing","_thumb_yes_seoaic":false,"_frame_yes_seoaic":false,"seoaic_generate_description":"","seoaic_improve_instructions_prompt":"","seoaic_rollback_content_improvement":"","seoaic_idea_thumbnail_generator":"","thumbnail_generated":false,"thumbnail_generate_prompt":"","seoaic_article_description":"","footnotes":""},"class_list":["post-1028","page","type-page","status-publish","hentry"],"acf":[],"yoast_head":"<!-- This site is optimized with the Yoast SEO plugin v27.4 - https:\/\/yoast.com\/product\/yoast-seo-wordpress\/ -->\n<title>Yhteystiedot - Skinmed<\/title>\n<meta name=\"robots\" content=\"index, follow, max-snippet:-1, max-image-preview:large, max-video-preview:-1\" \/>\n<link rel=\"canonical\" href=\"https:\/\/skinmed.fi\/en\/yhteystiedot\/\" \/>\n<meta property=\"og:locale\" content=\"en_GB\" \/>\n<meta property=\"og:type\" content=\"article\" \/>\n<meta property=\"og:title\" content=\"Yhteystiedot - Skinmed\" \/>\n<meta property=\"og:description\" content=\"Contact us Urho Kekkosen katu 8C26, 00100 Helsinki, Finland 045 667 7407 info@skinmed.fietunimi@skinmed.fi Meid\u00e4t l\u00f6yd\u00e4t my\u00f6s MuotosairaalastaMannerheimintie 164 a, 00300 Helsinki 029 123 1010info@muotosairaala.fi Muotosairaalan ajanvaraus\" \/>\n<meta property=\"og:url\" content=\"https:\/\/skinmed.fi\/en\/yhteystiedot\/\" \/>\n<meta property=\"og:site_name\" content=\"Skinmed\" \/>\n<meta property=\"article:modified_time\" content=\"2024-10-29T16:43:20+00:00\" \/>\n<meta property=\"og:image\" content=\"https:\/\/skinmed.fi\/wp-content\/uploads\/2024\/09\/DSC_9109-jpg.webp\" \/>\n\t<meta property=\"og:image:width\" content=\"1280\" \/>\n\t<meta property=\"og:image:height\" content=\"1920\" \/>\n\t<meta property=\"og:image:type\" content=\"image\/jpeg\" \/>\n<meta name=\"twitter:card\" content=\"summary_large_image\" \/>\n<meta name=\"twitter:label1\" content=\"Estimated reading time\" \/>\n\t<meta name=\"twitter:data1\" content=\"1 minute\" \/>\n<script type=\"application\/ld+json\" class=\"yoast-schema-graph\">{\"@context\":\"https:\\\/\\\/schema.org\",\"@graph\":[{\"@type\":\"WebPage\",\"@id\":\"https:\\\/\\\/skinmed.fi\\\/yhteystiedot\\\/\",\"url\":\"https:\\\/\\\/skinmed.fi\\\/yhteystiedot\\\/\",\"name\":\"Yhteystiedot - Skinmed\",\"isPartOf\":{\"@id\":\"https:\\\/\\\/skinmed.fi\\\/#website\"},\"primaryImageOfPage\":{\"@id\":\"https:\\\/\\\/skinmed.fi\\\/yhteystiedot\\\/#primaryimage\"},\"image\":{\"@id\":\"https:\\\/\\\/skinmed.fi\\\/yhteystiedot\\\/#primaryimage\"},\"thumbnailUrl\":\"https:\\\/\\\/skinmed.fi\\\/wp-content\\\/uploads\\\/2024\\\/09\\\/DSC_9109-jpg.webp\",\"datePublished\":\"2024-10-03T06:34:40+00:00\",\"dateModified\":\"2024-10-29T16:43:20+00:00\",\"inLanguage\":\"en-GB\",\"potentialAction\":[{\"@type\":\"ReadAction\",\"target\":[\"https:\\\/\\\/skinmed.fi\\\/yhteystiedot\\\/\"]}]},{\"@type\":\"ImageObject\",\"inLanguage\":\"en-GB\",\"@id\":\"https:\\\/\\\/skinmed.fi\\\/yhteystiedot\\\/#primaryimage\",\"url\":\"https:\\\/\\\/skinmed.fi\\\/wp-content\\\/uploads\\\/2024\\\/09\\\/DSC_9109-jpg.webp\",\"contentUrl\":\"https:\\\/\\\/skinmed.fi\\\/wp-content\\\/uploads\\\/2024\\\/09\\\/DSC_9109-jpg.webp\"},{\"@type\":\"WebSite\",\"@id\":\"https:\\\/\\\/skinmed.fi\\\/#website\",\"url\":\"https:\\\/\\\/skinmed.fi\\\/\",\"name\":\"Skinmed\",\"description\":\"Kauneushoitola Helsinki | Skinmed Wellness I Skinpen\",\"publisher\":{\"@id\":\"https:\\\/\\\/skinmed.fi\\\/#organization\"},\"potentialAction\":[{\"@type\":\"SearchAction\",\"target\":{\"@type\":\"EntryPoint\",\"urlTemplate\":\"https:\\\/\\\/skinmed.fi\\\/?s={search_term_string}\"},\"query-input\":{\"@type\":\"PropertyValueSpecification\",\"valueRequired\":true,\"valueName\":\"search_term_string\"}}],\"inLanguage\":\"en-GB\"},{\"@type\":\"Organization\",\"@id\":\"https:\\\/\\\/skinmed.fi\\\/#organization\",\"name\":\"Skinmed\",\"url\":\"https:\\\/\\\/skinmed.fi\\\/\",\"logo\":{\"@type\":\"ImageObject\",\"inLanguage\":\"en-GB\",\"@id\":\"https:\\\/\\\/skinmed.fi\\\/#\\\/schema\\\/logo\\\/image\\\/\",\"url\":\"https:\\\/\\\/skinmed.fi\\\/wp-content\\\/uploads\\\/2024\\\/09\\\/skinmed-logo-beige.svg\",\"contentUrl\":\"https:\\\/\\\/skinmed.fi\\\/wp-content\\\/uploads\\\/2024\\\/09\\\/skinmed-logo-beige.svg\",\"width\":660,\"height\":90,\"caption\":\"Skinmed\"},\"image\":{\"@id\":\"https:\\\/\\\/skinmed.fi\\\/#\\\/schema\\\/logo\\\/image\\\/\"}}]}<\/script>\n<!-- \/ Yoast SEO plugin. -->","yoast_head_json":{"title":"Yhteystiedot - Skinmed","robots":{"index":"index","follow":"follow","max-snippet":"max-snippet:-1","max-image-preview":"max-image-preview:large","max-video-preview":"max-video-preview:-1"},"canonical":"https:\/\/skinmed.fi\/en\/yhteystiedot\/","og_locale":"en_GB","og_type":"article","og_title":"Yhteystiedot - Skinmed","og_description":"Contact us Urho Kekkosen katu 8C26, 00100 Helsinki, Finland 045 667 7407 info@skinmed.fietunimi@skinmed.fi Meid\u00e4t l\u00f6yd\u00e4t my\u00f6s MuotosairaalastaMannerheimintie 164 a, 00300 Helsinki 029 123 1010info@muotosairaala.fi Muotosairaalan ajanvaraus","og_url":"https:\/\/skinmed.fi\/en\/yhteystiedot\/","og_site_name":"Skinmed","article_modified_time":"2024-10-29T16:43:20+00:00","og_image":[{"width":1280,"height":1920,"url":"https:\/\/skinmed.fi\/wp-content\/uploads\/2024\/09\/DSC_9109-jpg.webp","type":"image\/jpeg"}],"twitter_card":"summary_large_image","twitter_misc":{"Estimated reading time":"1 minute"},"schema":{"@context":"https:\/\/schema.org","@graph":[{"@type":"WebPage","@id":"https:\/\/skinmed.fi\/yhteystiedot\/","url":"https:\/\/skinmed.fi\/yhteystiedot\/","name":"Yhteystiedot - Skinmed","isPartOf":{"@id":"https:\/\/skinmed.fi\/#website"},"primaryImageOfPage":{"@id":"https:\/\/skinmed.fi\/yhteystiedot\/#primaryimage"},"image":{"@id":"https:\/\/skinmed.fi\/yhteystiedot\/#primaryimage"},"thumbnailUrl":"https:\/\/skinmed.fi\/wp-content\/uploads\/2024\/09\/DSC_9109-jpg.webp","datePublished":"2024-10-03T06:34:40+00:00","dateModified":"2024-10-29T16:43:20+00:00","inLanguage":"en-GB","potentialAction":[{"@type":"ReadAction","target":["https:\/\/skinmed.fi\/yhteystiedot\/"]}]},{"@type":"ImageObject","inLanguage":"en-GB","@id":"https:\/\/skinmed.fi\/yhteystiedot\/#primaryimage","url":"https:\/\/skinmed.fi\/wp-content\/uploads\/2024\/09\/DSC_9109-jpg.webp","contentUrl":"https:\/\/skinmed.fi\/wp-content\/uploads\/2024\/09\/DSC_9109-jpg.webp"},{"@type":"WebSite","@id":"https:\/\/skinmed.fi\/#website","url":"https:\/\/skinmed.fi\/","name":"Skinmed","description":"Kauneushoitola Helsinki | Skinmed Wellness I Skinpen","publisher":{"@id":"https:\/\/skinmed.fi\/#organization"},"potentialAction":[{"@type":"SearchAction","target":{"@type":"EntryPoint","urlTemplate":"https:\/\/skinmed.fi\/?s={search_term_string}"},"query-input":{"@type":"PropertyValueSpecification","valueRequired":true,"valueName":"search_term_string"}}],"inLanguage":"en-GB"},{"@type":"Organization","@id":"https:\/\/skinmed.fi\/#organization","name":"Skinmed","url":"https:\/\/skinmed.fi\/","logo":{"@type":"ImageObject","inLanguage":"en-GB","@id":"https:\/\/skinmed.fi\/#\/schema\/logo\/image\/","url":"https:\/\/skinmed.fi\/wp-content\/uploads\/2024\/09\/skinmed-logo-beige.svg","contentUrl":"https:\/\/skinmed.fi\/wp-content\/uploads\/2024\/09\/skinmed-logo-beige.svg","width":660,"height":90,"caption":"Skinmed"},"image":{"@id":"https:\/\/skinmed.fi\/#\/schema\/logo\/image\/"}}]}},"_links":{"self":[{"href":"https:\/\/skinmed.fi\/en\/wp-json\/wp\/v2\/pages\/1028","targetHints":{"allow":["GET"]}}],"collection":[{"href":"https:\/\/skinmed.fi\/en\/wp-json\/wp\/v2\/pages"}],"about":[{"href":"https:\/\/skinmed.fi\/en\/wp-json\/wp\/v2\/types\/page"}],"author":[{"embeddable":true,"href":"https:\/\/skinmed.fi\/en\/wp-json\/wp\/v2\/users\/2"}],"replies":[{"embeddable":true,"href":"https:\/\/skinmed.fi\/en\/wp-json\/wp\/v2\/comments?post=1028"}],"version-history":[{"count":20,"href":"https:\/\/skinmed.fi\/en\/wp-json\/wp\/v2\/pages\/1028\/revisions"}],"predecessor-version":[{"id":2139,"href":"https:\/\/skinmed.fi\/en\/wp-json\/wp\/v2\/pages\/1028\/revisions\/2139"}],"wp:attachment":[{"href":"https:\/\/skinmed.fi\/en\/wp-json\/wp\/v2\/media?parent=1028"}],"curies":[{"name":"wp","href":"https:\/\/api.w.org\/{rel}","templated":true}]}}